{"id":63,"date":"2025-06-05T11:38:15","date_gmt":"2025-06-05T09:38:15","guid":{"rendered":"https:\/\/www.risus-maris.hr\/impressum\/"},"modified":"2025-06-24T12:11:53","modified_gmt":"2025-06-24T10:11:53","slug":"impressum","status":"publish","type":"page","link":"https:\/\/www.risus-maris.hr\/en\/impressum\/","title":{"rendered":"Imprint"},"content":{"rendered":"<h1>Impressum<\/h1>\n<p>Das Villa Risus Maris ist eine Immobilie der MSR-Group GmbH<\/p>\n<p>Anfragen und Kontakt bitte ausschlie\u00dflich per Mail an: info@risus-maris.hr<\/p>\n<p><strong>Inhaber \/ Betreiber:<\/strong><br \/>\nMSR-Group GmbH<\/p>\n<p>B\u00fcrgermeister-Sch\u00f6nbauer-Str. 13<br \/>\n94060 Pocking<br \/>\nDeutschland<\/p>\n<p><strong>Tel:<\/strong> +49 8531-9004-0<br \/>\n<strong>Fax:<\/strong> +49 8531-9004-44<\/p>\n<p><strong>Gesch\u00e4ftsf\u00fchrer:<\/strong> Harald Schmitt, MBA, M.Eng.<\/p>\n<p><strong>Rechtsform:<\/strong> GmbH | Sitz Pocking<br \/>\n<strong>Registergericht:<\/strong> Passau<br \/>\n<strong>Gerichtsstand:<\/strong> Passau<\/p>\n<p><strong>HRB:<\/strong> 7775<\/p>\n<p><strong>UID-Nummer:<\/strong> DE 268091765<\/p>\n<p>&nbsp;<\/p>\n<p><strong>Bildnachweis:<\/strong><\/p>\n<p>Alle Bilder von MSR-Group und Adobe Stock<\/p>\n","protected":false},"excerpt":{"rendered":"<p>Impressum Das Villa Risus Maris ist eine Immobilie der MSR-Group GmbH Anfragen und Kontakt bitte ausschlie\u00dflich per Mail an: info@risus-maris.hr Inhaber \/ Betreiber: MSR-Group GmbH B\u00fcrgermeister-Sch\u00f6nbauer-Str. 13 94060 Pocking Deutschland Tel: +49 8531-9004-0 Fax: +49 8531-9004-44 Gesch\u00e4ftsf\u00fchrer: Harald Schmitt, MBA, M.Eng. Rechtsform: GmbH | Sitz Pocking Registergericht: Passau Gerichtsstand: Passau HRB: 7775 UID-Nummer: DE 268091765 [&hellip;]<\/p>\n","protected":false},"author":1,"featured_media":0,"parent":0,"menu_order":0,"comment_status":"closed","ping_status":"closed","template":"","meta":{"footnotes":""},"class_list":["post-63","page","type-page","status-publish","hentry"],"_links":{"self":[{"href":"https:\/\/www.risus-maris.hr\/en\/wp-json\/wp\/v2\/pages\/63","targetHints":{"allow":["GET"]}}],"collection":[{"href":"https:\/\/www.risus-maris.hr\/en\/wp-json\/wp\/v2\/pages"}],"about":[{"href":"https:\/\/www.risus-maris.hr\/en\/wp-json\/wp\/v2\/types\/page"}],"author":[{"embeddable":true,"href":"https:\/\/www.risus-maris.hr\/en\/wp-json\/wp\/v2\/users\/1"}],"replies":[{"embeddable":true,"href":"https:\/\/www.risus-maris.hr\/en\/wp-json\/wp\/v2\/comments?post=63"}],"version-history":[{"count":5,"href":"https:\/\/www.risus-maris.hr\/en\/wp-json\/wp\/v2\/pages\/63\/revisions"}],"predecessor-version":[{"id":113,"href":"https:\/\/www.risus-maris.hr\/en\/wp-json\/wp\/v2\/pages\/63\/revisions\/113"}],"wp:attachment":[{"href":"https:\/\/www.risus-maris.hr\/en\/wp-json\/wp\/v2\/media?parent=63"}],"curies":[{"name":"wp","href":"https:\/\/api.w.org\/{rel}","templated":true}]}}